{"id":86,"date":"2026-02-11T21:04:34","date_gmt":"2026-02-11T21:04:34","guid":{"rendered":"https:\/\/adrianapuche.fpcei.eu\/?page_id=86"},"modified":"2026-02-24T21:56:39","modified_gmt":"2026-02-24T21:56:39","slug":"informacion","status":"publish","type":"page","link":"https:\/\/adrianapuche.fpcei.eu\/?page_id=86","title":{"rendered":"Instalaciones"},"content":{"rendered":"\n<div class=\"wp-block-media-text has-media-on-the-right is-stacked-on-mobile is-vertically-aligned-center has-base-color has-accent-3-background-color has-text-color has-background has-link-color wp-elements-c5d6c05c79d3ce22f37b535a9858acc7\" style=\"border-top-left-radius:29px;border-top-right-radius:29px;border-bottom-left-radius:29px;border-bottom-right-radius:29px;grid-template-columns:auto 51%\"><div class=\"wp-block-media-text__content\">\n<p class=\"has-base-color has-text-color has-link-color has-x-large-font-size wp-elements-970ccbb65e14b9c7ae7d998d170483d3\"><strong>BODY ANALYZER<\/strong><\/p>\n\n\n\n<p class=\"has-text-align-left has-base-2-color has-contrast-3-background-color has-text-color has-background has-link-color wp-elements-6085ebf45b4f7b6aba651fb7229f5943\" style=\"border-top-left-radius:68px;border-top-right-radius:68px;border-bottom-left-radius:68px;border-bottom-right-radius:68px\">El body analyzer va m\u00e1s all\u00e1 del peso: analiza tu masa muscular, grasa corporal, agua y metabolismo. Conocer tu composici\u00f3n corporal te ayuda a entender tu cuerpo, mejorar tu salud, optimizar tus entrenamientos y seguir tu progreso de forma m\u00e1s precisa.<\/p>\n<\/div><figure class=\"wp-block-media-text__media\"><img loading=\"lazy\" decoding=\"async\" width=\"468\" height=\"240\" src=\"https:\/\/adrianapuche.fpcei.eu\/wp-content\/uploads\/2026\/02\/body-analizer-.png\" alt=\"\" class=\"wp-image-136 size-full\" srcset=\"https:\/\/adrianapuche.fpcei.eu\/wp-content\/uploads\/2026\/02\/body-analizer-.png 468w, https:\/\/adrianapuche.fpcei.eu\/wp-content\/uploads\/2026\/02\/body-analizer--300x154.png 300w\" sizes=\"auto, (max-width: 468px) 100vw, 468px\" \/><\/figure><\/div>\n\n\n\n<div style=\"height:16px\" aria-hidden=\"true\" class=\"wp-block-spacer\"><\/div>\n\n\n\n<div class=\"wp-block-media-text is-stacked-on-mobile has-accent-3-background-color has-background\" style=\"border-style:none;border-width:0px;border-top-left-radius:29px;border-top-right-radius:29px;border-bottom-left-radius:29px;border-bottom-right-radius:29px;grid-template-columns:49% auto\"><figure class=\"wp-block-media-text__media\"><img loading=\"lazy\" decoding=\"async\" width=\"625\" height=\"472\" src=\"https:\/\/adrianapuche.fpcei.eu\/wp-content\/uploads\/2026\/02\/Captura-de-pantalla-2026-02-12-233217.png\" alt=\"\" class=\"wp-image-143 size-full\" srcset=\"https:\/\/adrianapuche.fpcei.eu\/wp-content\/uploads\/2026\/02\/Captura-de-pantalla-2026-02-12-233217.png 625w, https:\/\/adrianapuche.fpcei.eu\/wp-content\/uploads\/2026\/02\/Captura-de-pantalla-2026-02-12-233217-300x227.png 300w\" sizes=\"auto, (max-width: 625px) 100vw, 625px\" \/><\/figure><div class=\"wp-block-media-text__content\">\n<p class=\"is-style-text-display has-contrast-3-color has-text-color has-link-color has-x-large-font-size wp-elements-b0f03e7ffef32a30d9b7db446318c498\"><strong>ZONA DE DESCANSO<\/strong><\/p>\n\n\n\n<p class=\"has-base-2-color has-contrast-3-background-color has-text-color has-background has-link-color wp-elements-45512cec2251eddbe166b846de21b4db\" style=\"border-top-left-radius:68px;border-top-right-radius:68px;border-bottom-left-radius:68px;border-bottom-right-radius:68px\">Nuestra zona de descanso est\u00e1 dise\u00f1ada para que recargues energ\u00edas, te relajes y prepares tu cuerpo y mente para cada entrenamiento. Tomar un momento para descansar mejora tu rendimiento, previene lesiones y te ayuda a mantener la motivaci\u00f3n en tu rutina.<\/p>\n<\/div><\/div>\n\n\n\n<div style=\"height:19px\" aria-hidden=\"true\" class=\"wp-block-spacer\"><\/div>\n\n\n\n<div class=\"wp-block-media-text has-media-on-the-right is-stacked-on-mobile has-accent-3-background-color has-background\" style=\"border-style:none;border-width:0px;border-top-left-radius:29px;border-top-right-radius:29px;border-bottom-left-radius:29px;border-bottom-right-radius:29px;grid-template-columns:auto 51%\"><div class=\"wp-block-media-text__content\">\n<p class=\"has-xx-large-font-size\"><strong>VIRTUAL CYCLING<\/strong><\/p>\n\n\n\n<p class=\"has-base-2-color has-contrast-3-background-color has-text-color has-background has-link-color wp-elements-0912a251df5c9db91f1a101a56055c8b\" style=\"border-top-left-radius:68px;border-top-right-radius:68px;border-bottom-left-radius:68px;border-bottom-right-radius:68px\">Vive la experiencia sobre la bici a tu manera: pedaleando al ritmo de la mejor m\u00fasica o recorriendo rutas que te transportan a lo m\u00e1s alto de la monta\u00f1a; no importa si eres principiante o avanzado, si buscas un entrenamiento intenso o algo m\u00e1s suave, porque tenemos sesiones pensadas para adaptarse a tu nivel, a tus objetivos y a tu estilo, para que disfrutes cada pedaleo<\/p>\n<\/div><figure class=\"wp-block-media-text__media\"><img loading=\"lazy\" decoding=\"async\" width=\"1024\" height=\"576\" src=\"https:\/\/adrianapuche.fpcei.eu\/wp-content\/uploads\/2026\/02\/Virtual-Cycling-Hero-Header-1024x576.jpg\" alt=\"\" class=\"wp-image-187 size-full\" srcset=\"https:\/\/adrianapuche.fpcei.eu\/wp-content\/uploads\/2026\/02\/Virtual-Cycling-Hero-Header-1024x576.jpg 1024w, https:\/\/adrianapuche.fpcei.eu\/wp-content\/uploads\/2026\/02\/Virtual-Cycling-Hero-Header-300x169.jpg 300w, https:\/\/adrianapuche.fpcei.eu\/wp-content\/uploads\/2026\/02\/Virtual-Cycling-Hero-Header-768x432.jpg 768w, https:\/\/adrianapuche.fpcei.eu\/wp-content\/uploads\/2026\/02\/Virtual-Cycling-Hero-Header.jpg 1440w\" sizes=\"auto, (max-width: 1024px) 100vw, 1024px\" \/><\/figure><\/div>\n\n\n\n<div style=\"height:20px\" aria-hidden=\"true\" class=\"wp-block-spacer\"><\/div>\n\n\n\n<div class=\"wp-block-media-text is-stacked-on-mobile has-accent-3-background-color has-background\" style=\"border-style:none;border-width:0px;border-top-left-radius:29px;border-top-right-radius:29px;border-bottom-left-radius:29px;border-bottom-right-radius:29px;padding-top:0;padding-bottom:0;grid-template-columns:49% auto\"><figure class=\"wp-block-media-text__media\"><img loading=\"lazy\" decoding=\"async\" width=\"1024\" height=\"529\" src=\"https:\/\/adrianapuche.fpcei.eu\/wp-content\/uploads\/2026\/02\/BF_Mrkt_Website_Img_ServicePage-Yanga-1024x529.jpg\" alt=\"\" class=\"wp-image-188 size-full\" srcset=\"https:\/\/adrianapuche.fpcei.eu\/wp-content\/uploads\/2026\/02\/BF_Mrkt_Website_Img_ServicePage-Yanga-1024x529.jpg 1024w, https:\/\/adrianapuche.fpcei.eu\/wp-content\/uploads\/2026\/02\/BF_Mrkt_Website_Img_ServicePage-Yanga-300x155.jpg 300w, https:\/\/adrianapuche.fpcei.eu\/wp-content\/uploads\/2026\/02\/BF_Mrkt_Website_Img_ServicePage-Yanga-768x396.jpg 768w, https:\/\/adrianapuche.fpcei.eu\/wp-content\/uploads\/2026\/02\/BF_Mrkt_Website_Img_ServicePage-Yanga.jpg 1356w\" sizes=\"auto, (max-width: 1024px) 100vw, 1024px\" \/><\/figure><div class=\"wp-block-media-text__content\">\n<p class=\"has-x-large-font-size\">YANGA SPORT WATER<\/p>\n\n\n\n<p class=\"has-base-2-color has-contrast-3-background-color has-text-color has-background has-link-color wp-elements-b90c15aff5c981593a70baf09835ac85\" style=\"border-top-left-radius:68px;border-top-right-radius:68px;border-bottom-left-radius:68px;border-bottom-right-radius:68px\">YANGA Sports Water es una bebida deportiva sin az\u00facares a\u00f1adidos y enriquecida con vitaminas esenciales, pensada para hidratarte y acompa\u00f1arte en cada entrenamiento, ayud\u00e1ndote a rendir al m\u00e1ximo y a sentirte en tu mejor versi\u00f3n<\/p>\n<\/div><\/div>\n\n\n\n<div style=\"height:18px\" aria-hidden=\"true\" class=\"wp-block-spacer\"><\/div>\n\n\n\n<div class=\"wp-block-media-text has-media-on-the-right is-stacked-on-mobile has-accent-3-background-color has-background\" style=\"border-top-left-radius:29px;border-top-right-radius:29px;border-bottom-left-radius:29px;border-bottom-right-radius:29px\"><div class=\"wp-block-media-text__content\">\n<p class=\"has-x-large-font-size\">SILLONES DE MASAJE<\/p>\n\n\n\n<p class=\"has-base-2-color has-contrast-3-background-color has-text-color has-background has-link-color wp-elements-33feb155fc02c2f8377f138b0bbd1f47\" style=\"border-top-left-radius:68px;border-top-right-radius:68px;border-bottom-left-radius:68px;border-bottom-right-radius:68px\">El deporte y una alimentaci\u00f3n saludable te ayudan a mantenerte en forma, pero la relajaci\u00f3n es igual de esencial. Despu\u00e9s de un d\u00eda intenso o de un entrenamiento exigente, tu cuerpo necesita desconectar y regalarse un verdadero momento para ti. Por eso te presentamos nuestra nueva zona de Relajaci\u00f3n y Recuperaci\u00f3n, equipada con sillones de masaje para que mente y cuerpo alcancen el descanso que merecen. Un espacio exclusivo para socios Premium.<\/p>\n<\/div><figure class=\"wp-block-media-text__media\"><img loading=\"lazy\" decoding=\"async\" width=\"1024\" height=\"576\" src=\"https:\/\/adrianapuche.fpcei.eu\/wp-content\/uploads\/2026\/02\/massage-chari-1024x576.jpg\" alt=\"\" class=\"wp-image-190 size-full\" srcset=\"https:\/\/adrianapuche.fpcei.eu\/wp-content\/uploads\/2026\/02\/massage-chari-1024x576.jpg 1024w, https:\/\/adrianapuche.fpcei.eu\/wp-content\/uploads\/2026\/02\/massage-chari-300x169.jpg 300w, https:\/\/adrianapuche.fpcei.eu\/wp-content\/uploads\/2026\/02\/massage-chari-768x432.jpg 768w, https:\/\/adrianapuche.fpcei.eu\/wp-content\/uploads\/2026\/02\/massage-chari-1536x864.jpg 1536w, https:\/\/adrianapuche.fpcei.eu\/wp-content\/uploads\/2026\/02\/massage-chari.jpg 1920w\" sizes=\"auto, (max-width: 1024px) 100vw, 1024px\" \/><\/figure><\/div>\n","protected":false},"excerpt":{"rendered":"<p>BODY ANALYZER El body analyzer va m\u00e1s all\u00e1 del peso: analiza tu masa muscular, grasa corporal, agua y metabolismo. Conocer tu composici\u00f3n corporal te ayuda a entender tu cuerpo, mejorar tu salud, optimizar tus entrenamientos y seguir tu progreso de forma m\u00e1s precisa. ZONA DE DESCANSO Nuestra zona de descanso est\u00e1 dise\u00f1ada para que recargues [&hellip;]<\/p>\n","protected":false},"author":2,"featured_media":0,"parent":0,"menu_order":0,"comment_status":"closed","ping_status":"closed","template":"","meta":{"footnotes":""},"class_list":["post-86","page","type-page","status-publish","hentry"],"_links":{"self":[{"href":"https:\/\/adrianapuche.fpcei.eu\/index.php?rest_route=\/wp\/v2\/pages\/86","targetHints":{"allow":["GET"]}}],"collection":[{"href":"https:\/\/adrianapuche.fpcei.eu\/index.php?rest_route=\/wp\/v2\/pages"}],"about":[{"href":"https:\/\/adrianapuche.fpcei.eu\/index.php?rest_route=\/wp\/v2\/types\/page"}],"author":[{"embeddable":true,"href":"https:\/\/adrianapuche.fpcei.eu\/index.php?rest_route=\/wp\/v2\/users\/2"}],"replies":[{"embeddable":true,"href":"https:\/\/adrianapuche.fpcei.eu\/index.php?rest_route=%2Fwp%2Fv2%2Fcomments&post=86"}],"version-history":[{"count":11,"href":"https:\/\/adrianapuche.fpcei.eu\/index.php?rest_route=\/wp\/v2\/pages\/86\/revisions"}],"predecessor-version":[{"id":332,"href":"https:\/\/adrianapuche.fpcei.eu\/index.php?rest_route=\/wp\/v2\/pages\/86\/revisions\/332"}],"wp:attachment":[{"href":"https:\/\/adrianapuche.fpcei.eu\/index.php?rest_route=%2Fwp%2Fv2%2Fmedia&parent=86"}],"curies":[{"name":"wp","href":"https:\/\/api.w.org\/{rel}","templated":true}]}}